{"id":86030,"date":"2021-11-04T11:37:31","date_gmt":"2021-11-04T10:37:31","guid":{"rendered":"https:\/\/www.fromage-morbier.com\/?page_id=86030"},"modified":"2021-11-04T11:39:18","modified_gmt":"2021-11-04T10:39:18","slug":"legal-terms","status":"publish","type":"page","link":"https:\/\/www.fromage-morbier.com\/en\/legal-terms\/","title":{"rendered":"Legal terms"},"content":{"rendered":"<div class=\"wpb-content-wrapper\"><p>[vc_row row_height_percent=&#8221;0&#8243; override_padding=&#8221;yes&#8221; h_padding=&#8221;2&#8243; top_padding=&#8221;5&#8243; bottom_padding=&#8221;5&#8243; overlay_alpha=&#8221;100&#8243; gutter_size=&#8221;100&#8243; column_width_percent=&#8221;100&#8243; shift_y=&#8221;0&#8243; z_index=&#8221;0&#8243; style=&#8221;inherited&#8221;][vc_column column_width_use_pixel=&#8221;yes&#8221; gutter_size=&#8221;2&#8243; overlay_alpha=&#8221;100&#8243; shift_x=&#8221;0&#8243; shift_y=&#8221;0&#8243; shift_y_down=&#8221;0&#8243; z_index=&#8221;0&#8243; medium_width=&#8221;100&#8243; mobile_width=&#8221;0&#8243; zoom_width=&#8221;0&#8243; zoom_height=&#8221;0&#8243; width=&#8221;1\/1&#8243; column_width_pixel=&#8221;1000&#8243;][vc_custom_heading text_size=&#8221;h3&#8243; text_transform=&#8221;uppercase&#8221; text_space=&#8221;fontspace-781688&#8243;]Editor[\/vc_custom_heading][vc_column_text]The owner and publisher of this website is the Morbier cheese inter-professional<br \/>\nworkers\u2019 board , whose head office is located at the 1 rue de la maison du Comt\u00e9,<br \/>\n39800 POLIGNY, registered at Registre du Commerce et des Soci\u00e9t\u00e9s of Besan\u00e7on<br \/>\nwith the number XXXX.<\/p>\n<p>Its intra-community VAT number is FR 07408469682.[\/vc_column_text][vc_custom_heading text_size=&#8221;h3&#8243; text_transform=&#8221;uppercase&#8221; text_space=&#8221;fontspace-781688&#8243;]Host[\/vc_custom_heading][vc_column_text]OVH SAS with a capital of 10 069 020 \u20ac<br \/>\nRCS Lille M\u00e9tropole 424 761 419 00045<br \/>\nCode APE 2620Z<br \/>\nN\u00b0 TVA : FR 22 424 761 419<br \/>\nHeadquarter : 2 rue Kellermann<br \/>\n59100 Roubaix \u2013 France[\/vc_column_text][vc_custom_heading text_size=&#8221;h3&#8243; text_transform=&#8221;uppercase&#8221; text_space=&#8221;fontspace-781688&#8243;]Links to other websites[\/vc_custom_heading][vc_column_text]The Morbier cheese inter-professional workers\u2019 board proposes on its sites links towards third party sites. These links have been established in agreement with the owners of the said sites, at a time when The Morbier cheese inter-professional workers\u2019 board found it relevant to do so, taking into account the contents and services of these sites. The Morbier cheese inter-professional workers\u2019 board be held liable for the content of these sites and for the manner in which it will be used.[\/vc_column_text][vc_custom_heading text_size=&#8221;h3&#8243; text_transform=&#8221;uppercase&#8221; text_space=&#8221;fontspace-781688&#8243;]Intellectual Property Rights[\/vc_custom_heading][vc_column_text]Access to the Morbier cheese inter-professional workers\u2019 board\u2019s sites gives you the right to private and non-exclusive use of the said sites. All articles, images, or<br \/>\nother documents on this web site are the property of the Morbier cheese inter-professional workers\u2019 board, or are authorized by their owners, and are subject to the copyright and other intellectual property rights.<\/p>\n<p>The trademarks, logos, characters (collectively the \u201cBrand\u201d) displayed on this website are the property of the Morbier cheese inter-professional workers\u2019 board or its partners. No interpretation can be made in favor of a license of use or any right to use the Brand displayed on the website.<\/p>\n<p>The fraudulent use of the brand or any other content of the website is totally prohibited. The Morbier cheese inter-professional workers\u2019 board informs you that it will fully exercise its intellectual property rights and will undertake legal action, including prosecution, if necessary[\/vc_column_text][vc_custom_heading text_size=&#8221;h3&#8243; text_transform=&#8221;uppercase&#8221; text_space=&#8221;fontspace-781688&#8243;]Unavailability of the sites[\/vc_custom_heading][vc_column_text]The Morbier cheese inter-professional workers\u2019 board undertakes to make its best efforts to ensure that users have access to its sites at all times. The Morbier<\/p>\n<p>cheese inter-professional workers\u2019 board can\u2019t be held held responsible, in the event of unavailability, for some cause that it is.[\/vc_column_text][vc_custom_heading text_size=&#8221;h3&#8243; text_transform=&#8221;uppercase&#8221; text_space=&#8221;fontspace-781688&#8243;]Realization[\/vc_custom_heading][vc_column_text]T\u00eate de Com Agency<br \/>\n2B rue de l\u2019\u00c9glise,<br \/>\n25000 Besan\u00e7on<br \/>\nwww.tetedecom.eu[\/vc_column_text][vc_custom_heading text_size=&#8221;h3&#8243; text_transform=&#8221;uppercase&#8221; text_space=&#8221;fontspace-781688&#8243;]Illustration[\/vc_custom_heading][vc_column_text]Divino Conseils Agency<br \/>\n<a href=\"https:\/\/www.divino-conseils.com\/\" target=\"_blank\" rel=\"noopener noreferrer\">www.divino-conseils.com<\/a>[\/vc_column_text][\/vc_column][\/vc_row]<\/p>\n<\/div>","protected":false},"excerpt":{"rendered":"<p>[vc_row row_height_percent=&#8221;0&#8243; override_padding=&#8221;yes&#8221; h_padding=&#8221;2&#8243; top_padding=&#8221;5&#8243; bottom_padding=&#8221;5&#8243; overlay_alpha=&#8221;100&#8243; gutter_size=&#8221;100&#8243; column_width_percent=&#8221;100&#8243; shift_y=&#8221;0&#8243; z_index=&#8221;0&#8243; style=&#8221;inherited&#8221;][vc_column column_width_use_pixel=&#8221;yes&#8221; gutter_size=&#8221;2&#8243; overlay_alpha=&#8221;100&#8243; shift_x=&#8221;0&#8243; shift_y=&#8221;0&#8243; shift_y_down=&#8221;0&#8243; z_index=&#8221;0&#8243; medium_width=&#8221;100&#8243; [&hellip;]<\/p>\n","protected":false},"author":6,"featured_media":83858,"parent":0,"menu_order":0,"comment_status":"closed","ping_status":"closed","template":"","meta":{"_acf_changed":false,"footnotes":""},"class_list":["post-86030","page","type-page","status-publish","has-post-thumbnail","hentry","page_category-morbier-en"],"acf":[],"yoast_head":"<!-- This site is optimized with the Yoast SEO plugin v26.9 - https:\/\/yoast.com\/product\/yoast-seo-wordpress\/ -->\n<title>Legal terms - Morbier AOP<\/title>\n<meta name=\"robots\" content=\"index, follow, max-snippet:-1, max-image-preview:large, max-video-preview:-1\" \/>\n<link rel=\"canonical\" href=\"https:\/\/www.fromage-morbier.com\/en\/legal-terms\/\" \/>\n<meta property=\"og:locale\" content=\"en_US\" \/>\n<meta property=\"og:type\" content=\"article\" \/>\n<meta property=\"og:title\" content=\"Legal terms - Morbier AOP\" \/>\n<meta property=\"og:description\" content=\"[vc_row row_height_percent=&#8221;0&#8243; override_padding=&#8221;yes&#8221; h_padding=&#8221;2&#8243; top_padding=&#8221;5&#8243; bottom_padding=&#8221;5&#8243; overlay_alpha=&#8221;100&#8243; gutter_size=&#8221;100&#8243; column_width_percent=&#8221;100&#8243; shift_y=&#8221;0&#8243; z_index=&#8221;0&#8243; style=&#8221;inherited&#8221;][vc_column column_width_use_pixel=&#8221;yes&#8221; gutter_size=&#8221;2&#8243; overlay_alpha=&#8221;100&#8243; shift_x=&#8221;0&#8243; shift_y=&#8221;0&#8243; shift_y_down=&#8221;0&#8243; z_index=&#8221;0&#8243; medium_width=&#8221;100&#8243; [&hellip;]\" \/>\n<meta property=\"og:url\" content=\"https:\/\/www.fromage-morbier.com\/en\/legal-terms\/\" \/>\n<meta property=\"og:site_name\" content=\"Morbier AOP\" \/>\n<meta property=\"article:publisher\" content=\"https:\/\/www.facebook.com\/fromagemorbier\" \/>\n<meta property=\"article:modified_time\" content=\"2021-11-04T10:39:18+00:00\" \/>\n<meta property=\"og:image\" content=\"https:\/\/www.fromage-morbier.com\/wp-content\/uploads\/2020\/09\/Bandeau-filiere-Morbier.jpg\" \/>\n\t<meta property=\"og:image:width\" content=\"1920\" \/>\n\t<meta property=\"og:image:height\" content=\"600\" \/>\n\t<meta property=\"og:image:type\" content=\"image\/jpeg\" \/>\n<meta name=\"twitter:card\" content=\"summary_large_image\" \/>\n<meta name=\"twitter:label1\" content=\"Est. reading time\" \/>\n\t<meta name=\"twitter:data1\" content=\"3 minutes\" \/>\n<script type=\"application\/ld+json\" class=\"yoast-schema-graph\">{\"@context\":\"https:\/\/schema.org\",\"@graph\":[{\"@type\":\"WebPage\",\"@id\":\"https:\/\/www.fromage-morbier.com\/en\/legal-terms\/\",\"url\":\"https:\/\/www.fromage-morbier.com\/en\/legal-terms\/\",\"name\":\"Legal terms - Morbier AOP\",\"isPartOf\":{\"@id\":\"https:\/\/www.fromage-morbier.com\/en\/#website\"},\"primaryImageOfPage\":{\"@id\":\"https:\/\/www.fromage-morbier.com\/en\/legal-terms\/#primaryimage\"},\"image\":{\"@id\":\"https:\/\/www.fromage-morbier.com\/en\/legal-terms\/#primaryimage\"},\"thumbnailUrl\":\"https:\/\/www.fromage-morbier.com\/wp-content\/uploads\/2020\/09\/Bandeau-filiere-Morbier.jpg\",\"datePublished\":\"2021-11-04T10:37:31+00:00\",\"dateModified\":\"2021-11-04T10:39:18+00:00\",\"breadcrumb\":{\"@id\":\"https:\/\/www.fromage-morbier.com\/en\/legal-terms\/#breadcrumb\"},\"inLanguage\":\"en-US\",\"potentialAction\":[{\"@type\":\"ReadAction\",\"target\":[\"https:\/\/www.fromage-morbier.com\/en\/legal-terms\/\"]}]},{\"@type\":\"ImageObject\",\"inLanguage\":\"en-US\",\"@id\":\"https:\/\/www.fromage-morbier.com\/en\/legal-terms\/#primaryimage\",\"url\":\"https:\/\/www.fromage-morbier.com\/wp-content\/uploads\/2020\/09\/Bandeau-filiere-Morbier.jpg\",\"contentUrl\":\"https:\/\/www.fromage-morbier.com\/wp-content\/uploads\/2020\/09\/Bandeau-filiere-Morbier.jpg\",\"width\":1920,\"height\":600},{\"@type\":\"BreadcrumbList\",\"@id\":\"https:\/\/www.fromage-morbier.com\/en\/legal-terms\/#breadcrumb\",\"itemListElement\":[{\"@type\":\"ListItem\",\"position\":1,\"name\":\"Accueil\",\"item\":\"https:\/\/www.fromage-morbier.com\/en\/\"},{\"@type\":\"ListItem\",\"position\":2,\"name\":\"Legal terms\"}]},{\"@type\":\"WebSite\",\"@id\":\"https:\/\/www.fromage-morbier.com\/en\/#website\",\"url\":\"https:\/\/www.fromage-morbier.com\/en\/\",\"name\":\"Morbier AOP\",\"description\":\"Un trait inimitable\",\"publisher\":{\"@id\":\"https:\/\/www.fromage-morbier.com\/en\/#organization\"},\"potentialAction\":[{\"@type\":\"SearchAction\",\"target\":{\"@type\":\"EntryPoint\",\"urlTemplate\":\"https:\/\/www.fromage-morbier.com\/en\/?s={search_term_string}\"},\"query-input\":{\"@type\":\"PropertyValueSpecification\",\"valueRequired\":true,\"valueName\":\"search_term_string\"}}],\"inLanguage\":\"en-US\"},{\"@type\":\"Organization\",\"@id\":\"https:\/\/www.fromage-morbier.com\/en\/#organization\",\"name\":\"Morbier AOP\",\"url\":\"https:\/\/www.fromage-morbier.com\/en\/\",\"logo\":{\"@type\":\"ImageObject\",\"inLanguage\":\"en-US\",\"@id\":\"https:\/\/www.fromage-morbier.com\/en\/#\/schema\/logo\/image\/\",\"url\":\"https:\/\/www.fromage-morbier.com\/wp-content\/uploads\/2020\/07\/logo-morbier.svg\",\"contentUrl\":\"https:\/\/www.fromage-morbier.com\/wp-content\/uploads\/2020\/07\/logo-morbier.svg\",\"width\":1,\"height\":1,\"caption\":\"Morbier AOP\"},\"image\":{\"@id\":\"https:\/\/www.fromage-morbier.com\/en\/#\/schema\/logo\/image\/\"},\"sameAs\":[\"https:\/\/www.facebook.com\/fromagemorbier\",\"https:\/\/www.instagram.com\/fromage_morbier\/\",\"https:\/\/www.youtube.com\/channel\/UCPq9khSTKQwOq0MbaFJp24g\/\"]}]}<\/script>\n<!-- \/ Yoast SEO plugin. -->","yoast_head_json":{"title":"Legal terms - Morbier AOP","robots":{"index":"index","follow":"follow","max-snippet":"max-snippet:-1","max-image-preview":"max-image-preview:large","max-video-preview":"max-video-preview:-1"},"canonical":"https:\/\/www.fromage-morbier.com\/en\/legal-terms\/","og_locale":"en_US","og_type":"article","og_title":"Legal terms - Morbier AOP","og_description":"[vc_row row_height_percent=&#8221;0&#8243; override_padding=&#8221;yes&#8221; h_padding=&#8221;2&#8243; top_padding=&#8221;5&#8243; bottom_padding=&#8221;5&#8243; overlay_alpha=&#8221;100&#8243; gutter_size=&#8221;100&#8243; column_width_percent=&#8221;100&#8243; shift_y=&#8221;0&#8243; z_index=&#8221;0&#8243; style=&#8221;inherited&#8221;][vc_column column_width_use_pixel=&#8221;yes&#8221; gutter_size=&#8221;2&#8243; overlay_alpha=&#8221;100&#8243; shift_x=&#8221;0&#8243; shift_y=&#8221;0&#8243; shift_y_down=&#8221;0&#8243; z_index=&#8221;0&#8243; medium_width=&#8221;100&#8243; [&hellip;]","og_url":"https:\/\/www.fromage-morbier.com\/en\/legal-terms\/","og_site_name":"Morbier AOP","article_publisher":"https:\/\/www.facebook.com\/fromagemorbier","article_modified_time":"2021-11-04T10:39:18+00:00","og_image":[{"width":1920,"height":600,"url":"https:\/\/www.fromage-morbier.com\/wp-content\/uploads\/2020\/09\/Bandeau-filiere-Morbier.jpg","type":"image\/jpeg"}],"twitter_card":"summary_large_image","twitter_misc":{"Est. reading time":"3 minutes"},"schema":{"@context":"https:\/\/schema.org","@graph":[{"@type":"WebPage","@id":"https:\/\/www.fromage-morbier.com\/en\/legal-terms\/","url":"https:\/\/www.fromage-morbier.com\/en\/legal-terms\/","name":"Legal terms - Morbier AOP","isPartOf":{"@id":"https:\/\/www.fromage-morbier.com\/en\/#website"},"primaryImageOfPage":{"@id":"https:\/\/www.fromage-morbier.com\/en\/legal-terms\/#primaryimage"},"image":{"@id":"https:\/\/www.fromage-morbier.com\/en\/legal-terms\/#primaryimage"},"thumbnailUrl":"https:\/\/www.fromage-morbier.com\/wp-content\/uploads\/2020\/09\/Bandeau-filiere-Morbier.jpg","datePublished":"2021-11-04T10:37:31+00:00","dateModified":"2021-11-04T10:39:18+00:00","breadcrumb":{"@id":"https:\/\/www.fromage-morbier.com\/en\/legal-terms\/#breadcrumb"},"inLanguage":"en-US","potentialAction":[{"@type":"ReadAction","target":["https:\/\/www.fromage-morbier.com\/en\/legal-terms\/"]}]},{"@type":"ImageObject","inLanguage":"en-US","@id":"https:\/\/www.fromage-morbier.com\/en\/legal-terms\/#primaryimage","url":"https:\/\/www.fromage-morbier.com\/wp-content\/uploads\/2020\/09\/Bandeau-filiere-Morbier.jpg","contentUrl":"https:\/\/www.fromage-morbier.com\/wp-content\/uploads\/2020\/09\/Bandeau-filiere-Morbier.jpg","width":1920,"height":600},{"@type":"BreadcrumbList","@id":"https:\/\/www.fromage-morbier.com\/en\/legal-terms\/#breadcrumb","itemListElement":[{"@type":"ListItem","position":1,"name":"Accueil","item":"https:\/\/www.fromage-morbier.com\/en\/"},{"@type":"ListItem","position":2,"name":"Legal terms"}]},{"@type":"WebSite","@id":"https:\/\/www.fromage-morbier.com\/en\/#website","url":"https:\/\/www.fromage-morbier.com\/en\/","name":"Morbier AOP","description":"Un trait inimitable","publisher":{"@id":"https:\/\/www.fromage-morbier.com\/en\/#organization"},"potentialAction":[{"@type":"SearchAction","target":{"@type":"EntryPoint","urlTemplate":"https:\/\/www.fromage-morbier.com\/en\/?s={search_term_string}"},"query-input":{"@type":"PropertyValueSpecification","valueRequired":true,"valueName":"search_term_string"}}],"inLanguage":"en-US"},{"@type":"Organization","@id":"https:\/\/www.fromage-morbier.com\/en\/#organization","name":"Morbier AOP","url":"https:\/\/www.fromage-morbier.com\/en\/","logo":{"@type":"ImageObject","inLanguage":"en-US","@id":"https:\/\/www.fromage-morbier.com\/en\/#\/schema\/logo\/image\/","url":"https:\/\/www.fromage-morbier.com\/wp-content\/uploads\/2020\/07\/logo-morbier.svg","contentUrl":"https:\/\/www.fromage-morbier.com\/wp-content\/uploads\/2020\/07\/logo-morbier.svg","width":1,"height":1,"caption":"Morbier AOP"},"image":{"@id":"https:\/\/www.fromage-morbier.com\/en\/#\/schema\/logo\/image\/"},"sameAs":["https:\/\/www.facebook.com\/fromagemorbier","https:\/\/www.instagram.com\/fromage_morbier\/","https:\/\/www.youtube.com\/channel\/UCPq9khSTKQwOq0MbaFJp24g\/"]}]}},"_links":{"self":[{"href":"https:\/\/www.fromage-morbier.com\/en\/wp-json\/wp\/v2\/pages\/86030","targetHints":{"allow":["GET"]}}],"collection":[{"href":"https:\/\/www.fromage-morbier.com\/en\/wp-json\/wp\/v2\/pages"}],"about":[{"href":"https:\/\/www.fromage-morbier.com\/en\/wp-json\/wp\/v2\/types\/page"}],"author":[{"embeddable":true,"href":"https:\/\/www.fromage-morbier.com\/en\/wp-json\/wp\/v2\/users\/6"}],"replies":[{"embeddable":true,"href":"https:\/\/www.fromage-morbier.com\/en\/wp-json\/wp\/v2\/comments?post=86030"}],"version-history":[{"count":3,"href":"https:\/\/www.fromage-morbier.com\/en\/wp-json\/wp\/v2\/pages\/86030\/revisions"}],"predecessor-version":[{"id":86035,"href":"https:\/\/www.fromage-morbier.com\/en\/wp-json\/wp\/v2\/pages\/86030\/revisions\/86035"}],"wp:featuredmedia":[{"embeddable":true,"href":"https:\/\/www.fromage-morbier.com\/en\/wp-json\/wp\/v2\/media\/83858"}],"wp:attachment":[{"href":"https:\/\/www.fromage-morbier.com\/en\/wp-json\/wp\/v2\/media?parent=86030"}],"curies":[{"name":"wp","href":"https:\/\/api.w.org\/{rel}","templated":true}]}}