{"id":85799,"date":"2021-10-21T17:38:00","date_gmt":"2021-10-21T15:38:00","guid":{"rendered":"https:\/\/www.fromage-morbier.com\/?page_id=85799"},"modified":"2021-10-22T14:46:25","modified_gmt":"2021-10-22T12:46:25","slug":"activities-in-the-morbier-region","status":"publish","type":"page","link":"https:\/\/www.fromage-morbier.com\/en\/activities-in-the-morbier-region\/","title":{"rendered":"Activities in the Morbier region"},"content":{"rendered":"<div class=\"wpb-content-wrapper\"><p>[vc_row row_height_percent=&#8221;0&#8243; override_padding=&#8221;yes&#8221; h_padding=&#8221;2&#8243; top_padding=&#8221;2&#8243; bottom_padding=&#8221;2&#8243; back_color=&#8221;color-xsdn&#8221; overlay_alpha=&#8221;0&#8243; gutter_size=&#8221;3&#8243; column_width_use_pixel=&#8221;yes&#8221; shift_y=&#8221;0&#8243; z_index=&#8221;2&#8243;][vc_column column_width_percent=&#8221;100&#8243; align_horizontal=&#8221;align_center&#8221; gutter_size=&#8221;3&#8243; override_padding=&#8221;yes&#8221; column_padding=&#8221;3&#8243; back_color=&#8221;color-xsdn&#8221; overlay_alpha=&#8221;0&#8243; shift_x=&#8221;0&#8243; shift_y=&#8221;-5&#8243; shift_y_fixed=&#8221;yes&#8221; shift_y_down=&#8221;0&#8243; z_index=&#8221;0&#8243; medium_width=&#8221;0&#8243; mobile_width=&#8221;0&#8243; radius=&#8221;std&#8221; shadow=&#8221;std&#8221; width=&#8221;1\/1&#8243;][vc_custom_heading heading_semantic=&#8221;h3&#8243; text_size=&#8221;fontsize-160000&#8243; text_transform=&#8221;uppercase&#8221; text_space=&#8221;fontspace-135905&#8243;]The unique nature line[\/vc_custom_heading][vc_row_inner row_inner_height_percent=&#8221;0&#8243; back_color=&#8221;color-xsdn&#8221; overlay_alpha=&#8221;0&#8243; gutter_size=&#8221;3&#8243; shift_y=&#8221;0&#8243; z_index=&#8221;0&#8243; limit_content=&#8221;&#8221;][vc_column_inner column_width_percent=&#8221;100&#8243; position_vertical=&#8221;middle&#8221; align_horizontal=&#8221;align_right&#8221; gutter_size=&#8221;1&#8243; style=&#8221;dark&#8221; overlay_alpha=&#8221;50&#8243; shift_x=&#8221;0&#8243; shift_y=&#8221;0&#8243; shift_y_down=&#8221;0&#8243; z_index=&#8221;0&#8243; align_medium=&#8221;align_center_tablet&#8221; medium_width=&#8221;0&#8243; align_mobile=&#8221;align_center_mobile&#8221; mobile_width=&#8221;0&#8243; width=&#8221;1\/2&#8243;][vc_custom_heading text_size=&#8221;fontsize-155944&#8243; text_weight=&#8221;500&#8243; text_space=&#8221;fontspace-111509&#8243; text_color=&#8221;color-706490&#8243; sub_lead=&#8221;yes&#8221;]A natural destination par excellence[\/vc_custom_heading][vc_single_image media=&#8221;83570&#8243; media_lightbox=&#8221;yes&#8221; media_width_percent=&#8221;80&#8243; alignment=&#8221;right&#8221; css_animation=&#8221;left-t-right&#8221;][\/vc_column_inner][vc_column_inner column_width_percent=&#8221;100&#8243; position_vertical=&#8221;middle&#8221; gutter_size=&#8221;3&#8243; overlay_alpha=&#8221;50&#8243; shift_x=&#8221;0&#8243; shift_y=&#8221;0&#8243; shift_y_down=&#8221;0&#8243; z_index=&#8221;0&#8243; align_medium=&#8221;align_center_tablet&#8221; medium_width=&#8221;0&#8243; align_mobile=&#8221;align_center_mobile&#8221; mobile_width=&#8221;0&#8243; width=&#8221;1\/2&#8243;][vc_column_text]The Morbier PDO geographical region, the Jura Massif, is a natural destination par excellence. Peaks, lakes, rivers, caves, a natural regional park, the Jura mountains are full of natural wonders to discover while enjoying a range of outdoor activities.[\/vc_column_text][\/vc_column_inner][\/vc_row_inner][\/vc_column][\/vc_row][vc_row unlock_row=&#8221;&#8221; row_height_percent=&#8221;0&#8243; override_padding=&#8221;yes&#8221; h_padding=&#8221;2&#8243; top_padding=&#8221;2&#8243; bottom_padding=&#8221;2&#8243; overlay_alpha=&#8221;50&#8243; gutter_size=&#8221;3&#8243; column_width_percent=&#8221;100&#8243; shift_y=&#8221;0&#8243; z_index=&#8221;0&#8243;][vc_column column_width_percent=&#8221;80&#8243; position_vertical=&#8221;middle&#8221; align_horizontal=&#8221;align_center&#8221; gutter_size=&#8221;3&#8243; overlay_alpha=&#8221;50&#8243; shift_x=&#8221;0&#8243; shift_y=&#8221;0&#8243; shift_y_down=&#8221;0&#8243; z_index=&#8221;0&#8243; medium_width=&#8221;0&#8243; mobile_width=&#8221;0&#8243; css_animation=&#8221;top-t-bottom&#8221; animation_delay=&#8221;200&#8243; width=&#8221;1\/1&#8243;][vc_column_text]Just like the Morbier production area, the Jura mountains stretch over 3 departments: Doubs, Jura and Ain. The richness of this environment is enhanced by a magnificent heritage. The region has a recognised gastronomic heritage with its 4 PDO cheeses (Morbier, Comt\u00e9, Mont d&#8217;Or and Bleu de Gex Haut Jura), cured meats, absinthe and the Jura vineyard, renowned for its unique wines.[\/vc_column_text][\/vc_column][\/vc_row][vc_row row_height_percent=&#8221;0&#8243; overlay_alpha=&#8221;50&#8243; equal_height=&#8221;yes&#8221; gutter_size=&#8221;3&#8243; column_width_percent=&#8221;100&#8243; shift_y=&#8221;0&#8243; z_index=&#8221;0&#8243;][vc_column width=&#8221;1\/1&#8243;][vc_row_inner row_inner_height_percent=&#8221;0&#8243; overlay_alpha=&#8221;50&#8243; equal_height=&#8221;yes&#8221; gutter_size=&#8221;0&#8243; shift_y=&#8221;0&#8243; z_index=&#8221;0&#8243;][vc_column_inner column_width_percent=&#8221;100&#8243; gutter_size=&#8221;3&#8243; style=&#8221;dark&#8221; back_color=&#8221;color-181427&#8243; overlay_alpha=&#8221;50&#8243; shift_x=&#8221;0&#8243; shift_y=&#8221;0&#8243; shift_y_down=&#8221;0&#8243; z_index=&#8221;0&#8243; medium_width=&#8221;0&#8243; mobile_width=&#8221;0&#8243; css_animation=&#8221;left-t-right&#8221; animation_delay=&#8221;200&#8243; width=&#8221;1\/3&#8243;][vc_custom_heading text_size=&#8221;fontsize-155944&#8243; text_weight=&#8221;500&#8243; text_space=&#8221;fontspace-111509&#8243; text_color=&#8221;color-xsdn&#8221; sub_lead=&#8221;yes&#8221;]Summer activities[\/vc_custom_heading][vc_column_text]Hiking is the region\u2019s flagship activity with 3000 miles (5 000km) of trails! There is something for everyone, from the famous GRP\u00ae and GR\u00ae short and long hiking trails, to other long routes.[\/vc_column_text][\/vc_column_inner][vc_column_inner column_width_percent=&#8221;100&#8243; position_vertical=&#8221;middle&#8221; align_horizontal=&#8221;align_center&#8221; gutter_size=&#8221;0&#8243; style=&#8221;light&#8221; back_image=&#8221;85801&#8243; overlay_alpha=&#8221;50&#8243; shift_x=&#8221;0&#8243; shift_y=&#8221;0&#8243; shift_y_down=&#8221;0&#8243; z_index=&#8221;0&#8243; medium_width=&#8221;0&#8243; mobile_width=&#8221;0&#8243; css_animation=&#8221;top-t-bottom&#8221; animation_delay=&#8221;200&#8243; width=&#8221;1\/3&#8243; mobile_height=&#8221;300&#8243;][\/vc_column_inner][vc_column_inner column_width_percent=&#8221;100&#8243; position_vertical=&#8221;middle&#8221; gutter_size=&#8221;4&#8243; style=&#8221;dark&#8221; back_color=&#8221;color-600415&#8243; overlay_alpha=&#8221;50&#8243; shift_x=&#8221;0&#8243; shift_y=&#8221;0&#8243; shift_y_down=&#8221;0&#8243; z_index=&#8221;0&#8243; medium_width=&#8221;0&#8243; mobile_width=&#8221;0&#8243; css_animation=&#8221;right-t-left&#8221; animation_delay=&#8221;200&#8243; width=&#8221;1\/3&#8243;][vc_column_text]The Morbier PDO region has also created two routes for fun and educational walks in the heart of Haut-Doubs, on the theme of the cheese with the black line. A true open-air museum, these 2 walks are approximately 3 miles (5km) each and are located in M\u00e9tabief (leave from 36 Rue du Village, 25370 M\u00e9tabief) and in Labergement-Sainte-Marie (leave from the fruiti\u00e8re des Lacs 25160 Labergement-Sainte-Marie) .<br \/>\nSuitable for the whole family, these circular routes will introduce you to the landscapes of the Jura massif and one of its delicious PDO cheeses: Morbier! Along the way, you can visit the cheese dairies and enjoy a tasting![\/vc_column_text][vc_empty_space empty_h=&#8221;2&#8243;][\/vc_column_inner][\/vc_row_inner][vc_row_inner row_inner_height_percent=&#8221;0&#8243; overlay_alpha=&#8221;50&#8243; equal_height=&#8221;yes&#8221; gutter_size=&#8221;0&#8243; shift_y=&#8221;0&#8243; z_index=&#8221;0&#8243;][vc_column_inner column_width_percent=&#8221;100&#8243; position_vertical=&#8221;middle&#8221; gutter_size=&#8221;3&#8243; style=&#8221;light&#8221; back_color=&#8221;color-127725&#8243; overlay_alpha=&#8221;50&#8243; shift_x=&#8221;0&#8243; shift_y=&#8221;0&#8243; shift_y_down=&#8221;0&#8243; z_index=&#8221;0&#8243; medium_width=&#8221;0&#8243; mobile_width=&#8221;0&#8243; css_animation=&#8221;left-t-right&#8221; animation_delay=&#8221;200&#8243; width=&#8221;1\/2&#8243;][vc_column_text]The more athletic will be delighted by the trails in the region: the UTTJ, the Ultra01, and the UTMJ&#8230; not to mention the Morbier trail!<br \/>\nAt the end of August, the Morbier cheese board organises an inter-professional competition in the eponymous town of Morbier, to elect the year\u2019s best Morbier. This is the opportunity for a big festival with a demonstration of how Morbier is made, a craft market, herding and sled dogs, meals featuring Morbier&#8230; A fabulous day out bringing together all those involved in the sector, local residents and any passing tourists![\/vc_column_text][vc_empty_space empty_h=&#8221;2&#8243;][vc_button button_color=&#8221;color-181427&#8243; radius=&#8221;btn-circle&#8221; border_animation=&#8221;btn-ripple-out&#8221; hover_fx=&#8221;outlined&#8221; outline=&#8221;yes&#8221; text_skin=&#8221;yes&#8221; border_width=&#8221;1&#8243; icon_position=&#8221;right&#8221; display=&#8221;inline&#8221; icon=&#8221;fa fa-angle-right&#8221; link=&#8221;url:https%3A%2F%2Fyoutu.be%2FmXocoB_FJFY|title:Trail%20Trait%20Morbier|target:%20_blank|&#8221; el_class=&#8221;yt-overlay&#8221;]Immersion in the Trait Morbier Trail[\/vc_button][\/vc_column_inner][vc_column_inner column_width_percent=&#8221;100&#8243; position_vertical=&#8221;middle&#8221; align_horizontal=&#8221;align_center&#8221; gutter_size=&#8221;0&#8243; style=&#8221;light&#8221; overlay_alpha=&#8221;50&#8243; shift_x=&#8221;0&#8243; shift_y=&#8221;0&#8243; shift_y_down=&#8221;0&#8243; z_index=&#8221;0&#8243; medium_width=&#8221;0&#8243; mobile_width=&#8221;0&#8243; css_animation=&#8221;top-t-bottom&#8221; animation_delay=&#8221;200&#8243; width=&#8221;1\/2&#8243;][vc_single_image media=&#8221;85256&#8243; media_width_percent=&#8221;100&#8243;][\/vc_column_inner][\/vc_row_inner][\/vc_column][\/vc_row][vc_row row_height_percent=&#8221;0&#8243; overlay_alpha=&#8221;50&#8243; equal_height=&#8221;yes&#8221; gutter_size=&#8221;0&#8243; column_width_percent=&#8221;100&#8243; shift_y=&#8221;0&#8243; z_index=&#8221;0&#8243;][vc_column width=&#8221;1\/1&#8243;][vc_row_inner row_inner_height_percent=&#8221;0&#8243; overlay_alpha=&#8221;50&#8243; equal_height=&#8221;yes&#8221; gutter_size=&#8221;0&#8243; shift_y=&#8221;0&#8243; z_index=&#8221;0&#8243;][vc_column_inner column_width_percent=&#8221;100&#8243; gutter_size=&#8221;3&#8243; style=&#8221;dark&#8221; back_color=&#8221;color-181427&#8243; overlay_alpha=&#8221;50&#8243; shift_x=&#8221;0&#8243; shift_y=&#8221;0&#8243; shift_y_down=&#8221;0&#8243; z_index=&#8221;0&#8243; medium_width=&#8221;0&#8243; mobile_width=&#8221;0&#8243; css_animation=&#8221;left-t-right&#8221; animation_delay=&#8221;200&#8243; width=&#8221;1\/3&#8243;][vc_custom_heading text_size=&#8221;fontsize-155944&#8243; text_weight=&#8221;500&#8243; text_space=&#8221;fontspace-111509&#8243; text_color=&#8221;color-xsdn&#8221; sub_lead=&#8221;yes&#8221;]Winter activities[\/vc_custom_heading][vc_column_text]When the cows ruminate on the hay in the warm stalls and the peaks of the Massif are covered in snow, it&#8217;s time for us to put on our skis![\/vc_column_text][\/vc_column_inner][vc_column_inner column_width_percent=&#8221;100&#8243; position_vertical=&#8221;middle&#8221; align_horizontal=&#8221;align_center&#8221; gutter_size=&#8221;0&#8243; style=&#8221;light&#8221; overlay_alpha=&#8221;50&#8243; shift_x=&#8221;0&#8243; shift_y=&#8221;0&#8243; shift_y_down=&#8221;0&#8243; z_index=&#8221;0&#8243; medium_width=&#8221;0&#8243; mobile_width=&#8221;0&#8243; css_animation=&#8221;top-t-bottom&#8221; animation_delay=&#8221;200&#8243; width=&#8221;1\/3&#8243;][vc_single_image media=&#8221;85259&#8243; media_width_percent=&#8221;100&#8243;][\/vc_column_inner][vc_column_inner column_width_percent=&#8221;100&#8243; position_vertical=&#8221;middle&#8221; gutter_size=&#8221;4&#8243; style=&#8221;dark&#8221; back_color=&#8221;color-600415&#8243; overlay_alpha=&#8221;50&#8243; shift_x=&#8221;0&#8243; shift_y=&#8221;0&#8243; shift_y_down=&#8221;0&#8243; z_index=&#8221;0&#8243; medium_width=&#8221;0&#8243; mobile_width=&#8221;0&#8243; css_animation=&#8221;right-t-left&#8221; animation_delay=&#8221;200&#8243; width=&#8221;1\/3&#8243;][vc_column_text]A paradise for cross-country skiing, Jura also offers snowshoeing, dog sledding, and tobogganing, and you can go downhill skiing in 3 large resorts: M\u00e9tabief (25), les Rousses (39) and L\u00e9lex (01). For the more curious, you can even try your hand at biathlon in some resorts. The slightly less adventurous can enjoy a delicious raclette, with Morbier of course![\/vc_column_text][vc_empty_space empty_h=&#8221;2&#8243;][vc_button button_color=&#8221;color-xsdn&#8221; radius=&#8221;btn-circle&#8221; border_animation=&#8221;btn-ripple-out&#8221; hover_fx=&#8221;outlined&#8221; outline=&#8221;yes&#8221; text_skin=&#8221;yes&#8221; border_width=&#8221;1&#8243; icon_position=&#8221;right&#8221; display=&#8221;inline&#8221; icon=&#8221;fa fa-angle-right&#8221; link=&#8221;url:https%3A%2F%2Fen.montagnes-du-jura.fr%2F|title:Jura%20mountains|target:_blank&#8221;]Find out more[\/vc_button][\/vc_column_inner][\/vc_row_inner][\/vc_column][\/vc_row]<\/p>\n<\/div>","protected":false},"excerpt":{"rendered":"<p>[vc_row row_height_percent=&#8221;0&#8243; override_padding=&#8221;yes&#8221; h_padding=&#8221;2&#8243; top_padding=&#8221;2&#8243; bottom_padding=&#8221;2&#8243; back_color=&#8221;color-xsdn&#8221; overlay_alpha=&#8221;0&#8243; gutter_size=&#8221;3&#8243; column_width_use_pixel=&#8221;yes&#8221; shift_y=&#8221;0&#8243; z_index=&#8221;2&#8243;][vc_column column_width_percent=&#8221;100&#8243; align_horizontal=&#8221;align_center&#8221; gutter_size=&#8221;3&#8243; override_padding=&#8221;yes&#8221; column_padding=&#8221;3&#8243; back_color=&#8221;color-xsdn&#8221; overlay_alpha=&#8221;0&#8243; shift_x=&#8221;0&#8243; [&hellip;]<\/p>\n","protected":false},"author":6,"featured_media":85246,"parent":0,"menu_order":0,"comment_status":"closed","ping_status":"closed","template":"","meta":{"_acf_changed":false,"footnotes":""},"class_list":["post-85799","page","type-page","status-publish","has-post-thumbnail","hentry","page_category-morbier-en"],"acf":[],"yoast_head":"<!-- This site is optimized with the Yoast SEO plugin v26.9 - https:\/\/yoast.com\/product\/yoast-seo-wordpress\/ -->\n<title>Activities in the Morbier region - Morbier AOP<\/title>\n<meta name=\"robots\" content=\"index, follow, max-snippet:-1, max-image-preview:large, max-video-preview:-1\" \/>\n<link rel=\"canonical\" href=\"https:\/\/www.fromage-morbier.com\/en\/activities-in-the-morbier-region\/\" \/>\n<meta property=\"og:locale\" content=\"en_US\" \/>\n<meta property=\"og:type\" content=\"article\" \/>\n<meta property=\"og:title\" content=\"Activities in the Morbier region - Morbier AOP\" \/>\n<meta property=\"og:description\" content=\"[vc_row row_height_percent=&#8221;0&#8243; override_padding=&#8221;yes&#8221; h_padding=&#8221;2&#8243; top_padding=&#8221;2&#8243; bottom_padding=&#8221;2&#8243; back_color=&#8221;color-xsdn&#8221; overlay_alpha=&#8221;0&#8243; gutter_size=&#8221;3&#8243; column_width_use_pixel=&#8221;yes&#8221; shift_y=&#8221;0&#8243; z_index=&#8221;2&#8243;][vc_column column_width_percent=&#8221;100&#8243; align_horizontal=&#8221;align_center&#8221; gutter_size=&#8221;3&#8243; override_padding=&#8221;yes&#8221; column_padding=&#8221;3&#8243; back_color=&#8221;color-xsdn&#8221; overlay_alpha=&#8221;0&#8243; shift_x=&#8221;0&#8243; [&hellip;]\" \/>\n<meta property=\"og:url\" content=\"https:\/\/www.fromage-morbier.com\/en\/activities-in-the-morbier-region\/\" \/>\n<meta property=\"og:site_name\" content=\"Morbier AOP\" \/>\n<meta property=\"article:publisher\" content=\"https:\/\/www.facebook.com\/fromagemorbier\" \/>\n<meta property=\"article:modified_time\" content=\"2021-10-22T12:46:25+00:00\" \/>\n<meta property=\"og:image\" content=\"https:\/\/www.fromage-morbier.com\/wp-content\/uploads\/2021\/06\/massif-jura-min.jpg\" \/>\n\t<meta property=\"og:image:width\" content=\"1920\" \/>\n\t<meta property=\"og:image:height\" content=\"1000\" \/>\n\t<meta property=\"og:image:type\" content=\"image\/jpeg\" \/>\n<meta name=\"twitter:card\" content=\"summary_large_image\" \/>\n<meta name=\"twitter:label1\" content=\"Est. reading time\" \/>\n\t<meta name=\"twitter:data1\" content=\"7 minutes\" \/>\n<script type=\"application\/ld+json\" class=\"yoast-schema-graph\">{\"@context\":\"https:\/\/schema.org\",\"@graph\":[{\"@type\":\"WebPage\",\"@id\":\"https:\/\/www.fromage-morbier.com\/en\/activities-in-the-morbier-region\/\",\"url\":\"https:\/\/www.fromage-morbier.com\/en\/activities-in-the-morbier-region\/\",\"name\":\"Activities in the Morbier region - Morbier AOP\",\"isPartOf\":{\"@id\":\"https:\/\/www.fromage-morbier.com\/en\/#website\"},\"primaryImageOfPage\":{\"@id\":\"https:\/\/www.fromage-morbier.com\/en\/activities-in-the-morbier-region\/#primaryimage\"},\"image\":{\"@id\":\"https:\/\/www.fromage-morbier.com\/en\/activities-in-the-morbier-region\/#primaryimage\"},\"thumbnailUrl\":\"https:\/\/www.fromage-morbier.com\/wp-content\/uploads\/2021\/06\/massif-jura-min.jpg\",\"datePublished\":\"2021-10-21T15:38:00+00:00\",\"dateModified\":\"2021-10-22T12:46:25+00:00\",\"breadcrumb\":{\"@id\":\"https:\/\/www.fromage-morbier.com\/en\/activities-in-the-morbier-region\/#breadcrumb\"},\"inLanguage\":\"en-US\",\"potentialAction\":[{\"@type\":\"ReadAction\",\"target\":[\"https:\/\/www.fromage-morbier.com\/en\/activities-in-the-morbier-region\/\"]}]},{\"@type\":\"ImageObject\",\"inLanguage\":\"en-US\",\"@id\":\"https:\/\/www.fromage-morbier.com\/en\/activities-in-the-morbier-region\/#primaryimage\",\"url\":\"https:\/\/www.fromage-morbier.com\/wp-content\/uploads\/2021\/06\/massif-jura-min.jpg\",\"contentUrl\":\"https:\/\/www.fromage-morbier.com\/wp-content\/uploads\/2021\/06\/massif-jura-min.jpg\",\"width\":1920,\"height\":1000},{\"@type\":\"BreadcrumbList\",\"@id\":\"https:\/\/www.fromage-morbier.com\/en\/activities-in-the-morbier-region\/#breadcrumb\",\"itemListElement\":[{\"@type\":\"ListItem\",\"position\":1,\"name\":\"Accueil\",\"item\":\"https:\/\/www.fromage-morbier.com\/en\/\"},{\"@type\":\"ListItem\",\"position\":2,\"name\":\"Activities in the Morbier region\"}]},{\"@type\":\"WebSite\",\"@id\":\"https:\/\/www.fromage-morbier.com\/en\/#website\",\"url\":\"https:\/\/www.fromage-morbier.com\/en\/\",\"name\":\"Morbier AOP\",\"description\":\"Un trait inimitable\",\"publisher\":{\"@id\":\"https:\/\/www.fromage-morbier.com\/en\/#organization\"},\"potentialAction\":[{\"@type\":\"SearchAction\",\"target\":{\"@type\":\"EntryPoint\",\"urlTemplate\":\"https:\/\/www.fromage-morbier.com\/en\/?s={search_term_string}\"},\"query-input\":{\"@type\":\"PropertyValueSpecification\",\"valueRequired\":true,\"valueName\":\"search_term_string\"}}],\"inLanguage\":\"en-US\"},{\"@type\":\"Organization\",\"@id\":\"https:\/\/www.fromage-morbier.com\/en\/#organization\",\"name\":\"Morbier AOP\",\"url\":\"https:\/\/www.fromage-morbier.com\/en\/\",\"logo\":{\"@type\":\"ImageObject\",\"inLanguage\":\"en-US\",\"@id\":\"https:\/\/www.fromage-morbier.com\/en\/#\/schema\/logo\/image\/\",\"url\":\"https:\/\/www.fromage-morbier.com\/wp-content\/uploads\/2020\/07\/logo-morbier.svg\",\"contentUrl\":\"https:\/\/www.fromage-morbier.com\/wp-content\/uploads\/2020\/07\/logo-morbier.svg\",\"width\":1,\"height\":1,\"caption\":\"Morbier AOP\"},\"image\":{\"@id\":\"https:\/\/www.fromage-morbier.com\/en\/#\/schema\/logo\/image\/\"},\"sameAs\":[\"https:\/\/www.facebook.com\/fromagemorbier\",\"https:\/\/www.instagram.com\/fromage_morbier\/\",\"https:\/\/www.youtube.com\/channel\/UCPq9khSTKQwOq0MbaFJp24g\/\"]}]}<\/script>\n<!-- \/ Yoast SEO plugin. -->","yoast_head_json":{"title":"Activities in the Morbier region - Morbier AOP","robots":{"index":"index","follow":"follow","max-snippet":"max-snippet:-1","max-image-preview":"max-image-preview:large","max-video-preview":"max-video-preview:-1"},"canonical":"https:\/\/www.fromage-morbier.com\/en\/activities-in-the-morbier-region\/","og_locale":"en_US","og_type":"article","og_title":"Activities in the Morbier region - Morbier AOP","og_description":"[vc_row row_height_percent=&#8221;0&#8243; override_padding=&#8221;yes&#8221; h_padding=&#8221;2&#8243; top_padding=&#8221;2&#8243; bottom_padding=&#8221;2&#8243; back_color=&#8221;color-xsdn&#8221; overlay_alpha=&#8221;0&#8243; gutter_size=&#8221;3&#8243; column_width_use_pixel=&#8221;yes&#8221; shift_y=&#8221;0&#8243; z_index=&#8221;2&#8243;][vc_column column_width_percent=&#8221;100&#8243; align_horizontal=&#8221;align_center&#8221; gutter_size=&#8221;3&#8243; override_padding=&#8221;yes&#8221; column_padding=&#8221;3&#8243; back_color=&#8221;color-xsdn&#8221; overlay_alpha=&#8221;0&#8243; shift_x=&#8221;0&#8243; [&hellip;]","og_url":"https:\/\/www.fromage-morbier.com\/en\/activities-in-the-morbier-region\/","og_site_name":"Morbier AOP","article_publisher":"https:\/\/www.facebook.com\/fromagemorbier","article_modified_time":"2021-10-22T12:46:25+00:00","og_image":[{"width":1920,"height":1000,"url":"https:\/\/www.fromage-morbier.com\/wp-content\/uploads\/2021\/06\/massif-jura-min.jpg","type":"image\/jpeg"}],"twitter_card":"summary_large_image","twitter_misc":{"Est. reading time":"7 minutes"},"schema":{"@context":"https:\/\/schema.org","@graph":[{"@type":"WebPage","@id":"https:\/\/www.fromage-morbier.com\/en\/activities-in-the-morbier-region\/","url":"https:\/\/www.fromage-morbier.com\/en\/activities-in-the-morbier-region\/","name":"Activities in the Morbier region - Morbier AOP","isPartOf":{"@id":"https:\/\/www.fromage-morbier.com\/en\/#website"},"primaryImageOfPage":{"@id":"https:\/\/www.fromage-morbier.com\/en\/activities-in-the-morbier-region\/#primaryimage"},"image":{"@id":"https:\/\/www.fromage-morbier.com\/en\/activities-in-the-morbier-region\/#primaryimage"},"thumbnailUrl":"https:\/\/www.fromage-morbier.com\/wp-content\/uploads\/2021\/06\/massif-jura-min.jpg","datePublished":"2021-10-21T15:38:00+00:00","dateModified":"2021-10-22T12:46:25+00:00","breadcrumb":{"@id":"https:\/\/www.fromage-morbier.com\/en\/activities-in-the-morbier-region\/#breadcrumb"},"inLanguage":"en-US","potentialAction":[{"@type":"ReadAction","target":["https:\/\/www.fromage-morbier.com\/en\/activities-in-the-morbier-region\/"]}]},{"@type":"ImageObject","inLanguage":"en-US","@id":"https:\/\/www.fromage-morbier.com\/en\/activities-in-the-morbier-region\/#primaryimage","url":"https:\/\/www.fromage-morbier.com\/wp-content\/uploads\/2021\/06\/massif-jura-min.jpg","contentUrl":"https:\/\/www.fromage-morbier.com\/wp-content\/uploads\/2021\/06\/massif-jura-min.jpg","width":1920,"height":1000},{"@type":"BreadcrumbList","@id":"https:\/\/www.fromage-morbier.com\/en\/activities-in-the-morbier-region\/#breadcrumb","itemListElement":[{"@type":"ListItem","position":1,"name":"Accueil","item":"https:\/\/www.fromage-morbier.com\/en\/"},{"@type":"ListItem","position":2,"name":"Activities in the Morbier region"}]},{"@type":"WebSite","@id":"https:\/\/www.fromage-morbier.com\/en\/#website","url":"https:\/\/www.fromage-morbier.com\/en\/","name":"Morbier AOP","description":"Un trait inimitable","publisher":{"@id":"https:\/\/www.fromage-morbier.com\/en\/#organization"},"potentialAction":[{"@type":"SearchAction","target":{"@type":"EntryPoint","urlTemplate":"https:\/\/www.fromage-morbier.com\/en\/?s={search_term_string}"},"query-input":{"@type":"PropertyValueSpecification","valueRequired":true,"valueName":"search_term_string"}}],"inLanguage":"en-US"},{"@type":"Organization","@id":"https:\/\/www.fromage-morbier.com\/en\/#organization","name":"Morbier AOP","url":"https:\/\/www.fromage-morbier.com\/en\/","logo":{"@type":"ImageObject","inLanguage":"en-US","@id":"https:\/\/www.fromage-morbier.com\/en\/#\/schema\/logo\/image\/","url":"https:\/\/www.fromage-morbier.com\/wp-content\/uploads\/2020\/07\/logo-morbier.svg","contentUrl":"https:\/\/www.fromage-morbier.com\/wp-content\/uploads\/2020\/07\/logo-morbier.svg","width":1,"height":1,"caption":"Morbier AOP"},"image":{"@id":"https:\/\/www.fromage-morbier.com\/en\/#\/schema\/logo\/image\/"},"sameAs":["https:\/\/www.facebook.com\/fromagemorbier","https:\/\/www.instagram.com\/fromage_morbier\/","https:\/\/www.youtube.com\/channel\/UCPq9khSTKQwOq0MbaFJp24g\/"]}]}},"_links":{"self":[{"href":"https:\/\/www.fromage-morbier.com\/en\/wp-json\/wp\/v2\/pages\/85799","targetHints":{"allow":["GET"]}}],"collection":[{"href":"https:\/\/www.fromage-morbier.com\/en\/wp-json\/wp\/v2\/pages"}],"about":[{"href":"https:\/\/www.fromage-morbier.com\/en\/wp-json\/wp\/v2\/types\/page"}],"author":[{"embeddable":true,"href":"https:\/\/www.fromage-morbier.com\/en\/wp-json\/wp\/v2\/users\/6"}],"replies":[{"embeddable":true,"href":"https:\/\/www.fromage-morbier.com\/en\/wp-json\/wp\/v2\/comments?post=85799"}],"version-history":[{"count":8,"href":"https:\/\/www.fromage-morbier.com\/en\/wp-json\/wp\/v2\/pages\/85799\/revisions"}],"predecessor-version":[{"id":85810,"href":"https:\/\/www.fromage-morbier.com\/en\/wp-json\/wp\/v2\/pages\/85799\/revisions\/85810"}],"wp:featuredmedia":[{"embeddable":true,"href":"https:\/\/www.fromage-morbier.com\/en\/wp-json\/wp\/v2\/media\/85246"}],"wp:attachment":[{"href":"https:\/\/www.fromage-morbier.com\/en\/wp-json\/wp\/v2\/media?parent=85799"}],"curies":[{"name":"wp","href":"https:\/\/api.w.org\/{rel}","templated":true}]}}